{"id":98,"date":"2018-12-04T05:59:50","date_gmt":"2018-12-04T05:59:50","guid":{"rendered":"https:\/\/t-solutions.al\/index.php\/blog\/"},"modified":"2025-12-21T19:04:24","modified_gmt":"2025-12-21T19:04:24","slug":"blog","status":"publish","type":"page","link":"https:\/\/t-solutions.al\/index.php\/blog\/","title":{"rendered":"Njoftime"},"content":{"rendered":"\t\t<div data-elementor-type=\"wp-post\" data-elementor-id=\"98\" class=\"elementor elementor-98\">\n\t\t\t\t<div class=\"aux-parallax-section elementor-element elementor-element-d3e931f e-flex e-con-boxed e-con e-parent\" data-id=\"d3e931f\" data-element_type=\"container\">\n\t\t\t\t\t<div class=\"e-con-inner\">\n\t\t<div class=\"elementor-element elementor-element-6e4487b e-con-full e-flex e-con e-child\" data-id=\"6e4487b\" data-element_type=\"container\">\n\t\t\t\t<div class=\"elementor-element elementor-element-e20140a aux-appear-watch-animation aux-fade-in-up elementor-widget elementor-widget-aux_recent_posts\" data-id=\"e20140a\" data-element_type=\"widget\" data-settings=\"{&quot;columns&quot;:&quot;3&quot;,&quot;columns_tablet&quot;:&quot;2&quot;,&quot;columns_mobile&quot;:&quot;1&quot;}\" data-widget_type=\"aux_recent_posts.default\">\n\t\t\t\t<div class=\"elementor-widget-container\">\n\t\t\t\t\t<section class=\"widget-container aux-widget-recent-posts aux-parent-aufa059268\"><div data-element-id=\"aufa059268\" class=\"aux-match-height aux-row aux-de-col3 aux-tb-col2 aux-mb-col1 aux-total-1 aux-grid-carousel-modern-layout aux-ajax-view  \"><div class=\"aux-col post-313\">\n                        <article class=\"post column-entry post-313 type-post status-publish format-standard has-post-thumbnail hentry category-bizneset-shqiptare\">\n                                                        <div class=\"entry-media\"><div class=\"aux-media-frame aux-media-image aux-image-mask\"><a href=\"https:\/\/t-solutions.al\/index.php\/2025\/12\/22\/sfida-dhe-mundesite-per-biznesin-shqiptar-ne-kuader-te-perafrimit-me-be-ne\/\"><img decoding=\"async\" src=\"https:\/\/t-solutions.al\/wp-content\/uploads\/2018\/04\/bizneset-637x478.png\" class=\"aux-attachment aux-featured-image attachment-636.66666666667x477.5 aux-attachment-id-311 \" alt=\"bizneset\" srcset=\"https:\/\/t-solutions.al\/wp-content\/uploads\/2018\/04\/bizneset-150x113.png 150w,https:\/\/t-solutions.al\/wp-content\/uploads\/2018\/04\/bizneset-300x225.png 300w,https:\/\/t-solutions.al\/wp-content\/uploads\/2018\/04\/bizneset-768x576.png 768w,https:\/\/t-solutions.al\/wp-content\/uploads\/2018\/04\/bizneset-637x478.png 637w,https:\/\/t-solutions.al\/wp-content\/uploads\/2018\/04\/bizneset-1014x760.png 1014w\" data-ratio=\"1.33\" data-original-w=\"1024\" sizes=\"(max-width:479px) 480px,(max-width:767px) 768px,(max-width:1023px) 1024px,637px\" \/><\/a><\/div><\/div>\n                            \n                            <div class=\"entry-main\">\n                                                                                        \n                                <div class=\"entry-info\">\n                                                                    <div class=\"entry-date\">\n                                        <a href=\"https:\/\/t-solutions.al\/index.php\/2025\/12\/22\/sfida-dhe-mundesite-per-biznesin-shqiptar-ne-kuader-te-perafrimit-me-be-ne\/\">\n                                            <time datetime=\"2025-12-22T08:34:17+00:00\" title=\"2025-12-22T08:34:17+00:00\" >December 22, 2025<\/time>\n                                        <\/a>\n                                    <\/div>\n                                                                                                    <span class=\"entry-meta-sep meta-sep\">by<\/span>\n                                    <span class=\"author vcard\">\n                                        <a href=\"https:\/\/t-solutions.al\/index.php\/author\/vios84\/\" rel=\"author\" title=\"View all posts by admin\" >\n                                            admin                                        <\/a>\n                                    <\/span>\n                                                                                                                                                                        <\/div>\n                            \n                                <header class=\"entry-header\">\n                                \n                                    <h4 class=\"entry-title\">\n                                        <a href=\"https:\/\/t-solutions.al\/index.php\/2025\/12\/22\/sfida-dhe-mundesite-per-biznesin-shqiptar-ne-kuader-te-perafrimit-me-be-ne\/\">\n                                            Sfida dhe mund\u00ebsit\u00eb p\u00ebr biznesin shqiptar n\u00eb kuad\u00ebr t\u00eb p\u00ebrafrimit me BE-n\u00eb                                        <\/a>\n                                    <\/h4>\n                                                                    <div class=\"entry-format\">\n                                        <a href=\"https:\/\/t-solutions.al\/index.php\/2025\/12\/22\/sfida-dhe-mundesite-per-biznesin-shqiptar-ne-kuader-te-perafrimit-me-be-ne\/\">\n                                            <div class=\"post-format format-\"> <\/div>\n                                        <\/a>\n                                    <\/div>\n                                <\/header>\n                            \n                                                                                        <footer class=\"entry-meta aux-after-content\">\n                                                                        <div class=\"readmore\">\n                                        <a href=\"https:\/\/t-solutions.al\/index.php\/2025\/12\/22\/sfida-dhe-mundesite-per-biznesin-shqiptar-ne-kuader-te-perafrimit-me-be-ne\/\" class=\"aux-read-more\"><span class=\"aux-read-more-text\">Lexo Artikullin<\/span><\/a>\n                                    <\/div>\n                                                                        <div class=\"comments-iconic\">\n                                                                            <\/div>\n                                                                    <\/footer>\n                            \n                            <\/div>\n\n                        <\/article>\n<\/div><\/div><\/section><!-- widget-container -->\t\t\t\t<\/div>\n\t\t\t\t<\/div>\n\t\t\t\t<\/div>\n\t\t\t\t\t<\/div>\n\t\t\t\t<\/div>\n\t\t\t\t<\/div>\n\t\t","protected":false},"excerpt":{"rendered":"<p>April 11, 2018 by Paul | Edit We are idea generators, goal seekers, Read More April 11, 2018 by Paul | Edit We are idea generators, goal seekers, Read More April 11, 2018 by Paul | Edit We are idea generators, goal seekers, Read More April 11, 2018 by Paul | Edit We are idea [&hellip;]<\/p>\n","protected":false},"author":1,"featured_media":0,"parent":0,"menu_order":0,"comment_status":"closed","ping_status":"closed","template":"templates\/page-builder-content.php","meta":{"footnotes":""},"class_list":["post-98","page","type-page","status-publish","hentry"],"yoast_head":"<!-- This site is optimized with the Yoast SEO plugin v26.6 - https:\/\/yoast.com\/wordpress\/plugins\/seo\/ -->\n<title>Njoftime - T-Solutions sh.p.k.<\/title>\n<meta name=\"robots\" content=\"index, follow, max-snippet:-1, max-image-preview:large, max-video-preview:-1\" \/>\n<link rel=\"canonical\" href=\"https:\/\/t-solutions.al\/index.php\/blog\/\" \/>\n<meta property=\"og:locale\" content=\"en_US\" \/>\n<meta property=\"og:type\" content=\"article\" \/>\n<meta property=\"og:title\" content=\"Njoftime - T-Solutions sh.p.k.\" \/>\n<meta property=\"og:description\" content=\"April 11, 2018 by Paul | Edit We are idea generators, goal seekers, Read More April 11, 2018 by Paul | Edit We are idea generators, goal seekers, Read More April 11, 2018 by Paul | Edit We are idea generators, goal seekers, Read More April 11, 2018 by Paul | Edit We are idea [&hellip;]\" \/>\n<meta property=\"og:url\" content=\"https:\/\/t-solutions.al\/index.php\/blog\/\" \/>\n<meta property=\"og:site_name\" content=\"T-Solutions sh.p.k.\" \/>\n<meta property=\"article:modified_time\" content=\"2025-12-21T19:04:24+00:00\" \/>\n<meta property=\"og:image\" content=\"https:\/\/demo.phlox.pro\/business-agency\/wp-content\/uploads\/sites\/82\/2018\/04\/businesswoman-with-computer-in-her-office-working-PV9JHZE-637x478.jpg\" \/>\n<meta name=\"twitter:card\" content=\"summary_large_image\" \/>\n<meta name=\"twitter:label1\" content=\"Est. reading time\" \/>\n\t<meta name=\"twitter:data1\" content=\"1 minute\" \/>\n<script type=\"application\/ld+json\" class=\"yoast-schema-graph\">{\"@context\":\"https:\/\/schema.org\",\"@graph\":[{\"@type\":\"WebPage\",\"@id\":\"https:\/\/t-solutions.al\/index.php\/blog\/\",\"url\":\"https:\/\/t-solutions.al\/index.php\/blog\/\",\"name\":\"Njoftime - T-Solutions sh.p.k.\",\"isPartOf\":{\"@id\":\"https:\/\/t-solutions.al\/#website\"},\"primaryImageOfPage\":{\"@id\":\"https:\/\/t-solutions.al\/index.php\/blog\/#primaryimage\"},\"image\":{\"@id\":\"https:\/\/t-solutions.al\/index.php\/blog\/#primaryimage\"},\"thumbnailUrl\":\"https:\/\/demo.phlox.pro\/business-agency\/wp-content\/uploads\/sites\/82\/2018\/04\/businesswoman-with-computer-in-her-office-working-PV9JHZE-637x478.jpg\",\"datePublished\":\"2018-12-04T05:59:50+00:00\",\"dateModified\":\"2025-12-21T19:04:24+00:00\",\"breadcrumb\":{\"@id\":\"https:\/\/t-solutions.al\/index.php\/blog\/#breadcrumb\"},\"inLanguage\":\"en-US\",\"potentialAction\":[{\"@type\":\"ReadAction\",\"target\":[\"https:\/\/t-solutions.al\/index.php\/blog\/\"]}]},{\"@type\":\"ImageObject\",\"inLanguage\":\"en-US\",\"@id\":\"https:\/\/t-solutions.al\/index.php\/blog\/#primaryimage\",\"url\":\"https:\/\/demo.phlox.pro\/business-agency\/wp-content\/uploads\/sites\/82\/2018\/04\/businesswoman-with-computer-in-her-office-working-PV9JHZE-637x478.jpg\",\"contentUrl\":\"https:\/\/demo.phlox.pro\/business-agency\/wp-content\/uploads\/sites\/82\/2018\/04\/businesswoman-with-computer-in-her-office-working-PV9JHZE-637x478.jpg\"},{\"@type\":\"BreadcrumbList\",\"@id\":\"https:\/\/t-solutions.al\/index.php\/blog\/#breadcrumb\",\"itemListElement\":[{\"@type\":\"ListItem\",\"position\":1,\"name\":\"Home\",\"item\":\"https:\/\/t-solutions.al\/\"},{\"@type\":\"ListItem\",\"position\":2,\"name\":\"Njoftime\"}]},{\"@type\":\"WebSite\",\"@id\":\"https:\/\/t-solutions.al\/#website\",\"url\":\"https:\/\/t-solutions.al\/\",\"name\":\"T-Solutions sh.p.k.\",\"description\":\"\",\"publisher\":{\"@id\":\"https:\/\/t-solutions.al\/#organization\"},\"potentialAction\":[{\"@type\":\"SearchAction\",\"target\":{\"@type\":\"EntryPoint\",\"urlTemplate\":\"https:\/\/t-solutions.al\/?s={search_term_string}\"},\"query-input\":{\"@type\":\"PropertyValueSpecification\",\"valueRequired\":true,\"valueName\":\"search_term_string\"}}],\"inLanguage\":\"en-US\"},{\"@type\":\"Organization\",\"@id\":\"https:\/\/t-solutions.al\/#organization\",\"name\":\"T-Solutions sh.p.k.\",\"url\":\"https:\/\/t-solutions.al\/\",\"logo\":{\"@type\":\"ImageObject\",\"inLanguage\":\"en-US\",\"@id\":\"https:\/\/t-solutions.al\/#\/schema\/logo\/image\/\",\"url\":\"https:\/\/t-solutions.al\/wp-content\/uploads\/2025\/12\/cropped-cropped-Logo-T-solutions-e1766347271894.png\",\"contentUrl\":\"https:\/\/t-solutions.al\/wp-content\/uploads\/2025\/12\/cropped-cropped-Logo-T-solutions-e1766347271894.png\",\"width\":140,\"height\":35,\"caption\":\"T-Solutions sh.p.k.\"},\"image\":{\"@id\":\"https:\/\/t-solutions.al\/#\/schema\/logo\/image\/\"}}]}<\/script>\n<!-- \/ Yoast SEO plugin. -->","yoast_head_json":{"title":"Njoftime - T-Solutions sh.p.k.","robots":{"index":"index","follow":"follow","max-snippet":"max-snippet:-1","max-image-preview":"max-image-preview:large","max-video-preview":"max-video-preview:-1"},"canonical":"https:\/\/t-solutions.al\/index.php\/blog\/","og_locale":"en_US","og_type":"article","og_title":"Njoftime - T-Solutions sh.p.k.","og_description":"April 11, 2018 by Paul | Edit We are idea generators, goal seekers, Read More April 11, 2018 by Paul | Edit We are idea generators, goal seekers, Read More April 11, 2018 by Paul | Edit We are idea generators, goal seekers, Read More April 11, 2018 by Paul | Edit We are idea [&hellip;]","og_url":"https:\/\/t-solutions.al\/index.php\/blog\/","og_site_name":"T-Solutions sh.p.k.","article_modified_time":"2025-12-21T19:04:24+00:00","og_image":[{"url":"https:\/\/demo.phlox.pro\/business-agency\/wp-content\/uploads\/sites\/82\/2018\/04\/businesswoman-with-computer-in-her-office-working-PV9JHZE-637x478.jpg","type":"","width":"","height":""}],"twitter_card":"summary_large_image","twitter_misc":{"Est. reading time":"1 minute"},"schema":{"@context":"https:\/\/schema.org","@graph":[{"@type":"WebPage","@id":"https:\/\/t-solutions.al\/index.php\/blog\/","url":"https:\/\/t-solutions.al\/index.php\/blog\/","name":"Njoftime - T-Solutions sh.p.k.","isPartOf":{"@id":"https:\/\/t-solutions.al\/#website"},"primaryImageOfPage":{"@id":"https:\/\/t-solutions.al\/index.php\/blog\/#primaryimage"},"image":{"@id":"https:\/\/t-solutions.al\/index.php\/blog\/#primaryimage"},"thumbnailUrl":"https:\/\/demo.phlox.pro\/business-agency\/wp-content\/uploads\/sites\/82\/2018\/04\/businesswoman-with-computer-in-her-office-working-PV9JHZE-637x478.jpg","datePublished":"2018-12-04T05:59:50+00:00","dateModified":"2025-12-21T19:04:24+00:00","breadcrumb":{"@id":"https:\/\/t-solutions.al\/index.php\/blog\/#breadcrumb"},"inLanguage":"en-US","potentialAction":[{"@type":"ReadAction","target":["https:\/\/t-solutions.al\/index.php\/blog\/"]}]},{"@type":"ImageObject","inLanguage":"en-US","@id":"https:\/\/t-solutions.al\/index.php\/blog\/#primaryimage","url":"https:\/\/demo.phlox.pro\/business-agency\/wp-content\/uploads\/sites\/82\/2018\/04\/businesswoman-with-computer-in-her-office-working-PV9JHZE-637x478.jpg","contentUrl":"https:\/\/demo.phlox.pro\/business-agency\/wp-content\/uploads\/sites\/82\/2018\/04\/businesswoman-with-computer-in-her-office-working-PV9JHZE-637x478.jpg"},{"@type":"BreadcrumbList","@id":"https:\/\/t-solutions.al\/index.php\/blog\/#breadcrumb","itemListElement":[{"@type":"ListItem","position":1,"name":"Home","item":"https:\/\/t-solutions.al\/"},{"@type":"ListItem","position":2,"name":"Njoftime"}]},{"@type":"WebSite","@id":"https:\/\/t-solutions.al\/#website","url":"https:\/\/t-solutions.al\/","name":"T-Solutions sh.p.k.","description":"","publisher":{"@id":"https:\/\/t-solutions.al\/#organization"},"potentialAction":[{"@type":"SearchAction","target":{"@type":"EntryPoint","urlTemplate":"https:\/\/t-solutions.al\/?s={search_term_string}"},"query-input":{"@type":"PropertyValueSpecification","valueRequired":true,"valueName":"search_term_string"}}],"inLanguage":"en-US"},{"@type":"Organization","@id":"https:\/\/t-solutions.al\/#organization","name":"T-Solutions sh.p.k.","url":"https:\/\/t-solutions.al\/","logo":{"@type":"ImageObject","inLanguage":"en-US","@id":"https:\/\/t-solutions.al\/#\/schema\/logo\/image\/","url":"https:\/\/t-solutions.al\/wp-content\/uploads\/2025\/12\/cropped-cropped-Logo-T-solutions-e1766347271894.png","contentUrl":"https:\/\/t-solutions.al\/wp-content\/uploads\/2025\/12\/cropped-cropped-Logo-T-solutions-e1766347271894.png","width":140,"height":35,"caption":"T-Solutions sh.p.k."},"image":{"@id":"https:\/\/t-solutions.al\/#\/schema\/logo\/image\/"}}]}},"_links":{"self":[{"href":"https:\/\/t-solutions.al\/index.php\/wp-json\/wp\/v2\/pages\/98","targetHints":{"allow":["GET"]}}],"collection":[{"href":"https:\/\/t-solutions.al\/index.php\/wp-json\/wp\/v2\/pages"}],"about":[{"href":"https:\/\/t-solutions.al\/index.php\/wp-json\/wp\/v2\/types\/page"}],"author":[{"embeddable":true,"href":"https:\/\/t-solutions.al\/index.php\/wp-json\/wp\/v2\/users\/1"}],"replies":[{"embeddable":true,"href":"https:\/\/t-solutions.al\/index.php\/wp-json\/wp\/v2\/comments?post=98"}],"version-history":[{"count":1,"href":"https:\/\/t-solutions.al\/index.php\/wp-json\/wp\/v2\/pages\/98\/revisions"}],"predecessor-version":[{"id":164,"href":"https:\/\/t-solutions.al\/index.php\/wp-json\/wp\/v2\/pages\/98\/revisions\/164"}],"wp:attachment":[{"href":"https:\/\/t-solutions.al\/index.php\/wp-json\/wp\/v2\/media?parent=98"}],"curies":[{"name":"wp","href":"https:\/\/api.w.org\/{rel}","templated":true}]}}