{"id":97,"date":"2018-12-04T06:00:32","date_gmt":"2018-12-04T06:00:32","guid":{"rendered":"https:\/\/t-solutions.al\/index.php\/contact\/"},"modified":"2025-12-22T10:37:43","modified_gmt":"2025-12-22T10:37:43","slug":"contact","status":"publish","type":"page","link":"https:\/\/t-solutions.al\/index.php\/contact\/","title":{"rendered":"Kontakt"},"content":{"rendered":"\t\t<div data-elementor-type=\"wp-post\" data-elementor-id=\"97\" class=\"elementor elementor-97\">\n\t\t\t\t<div class=\"aux-parallax-section elementor-element elementor-element-482abe0 e-flex e-con-boxed e-con e-parent\" data-id=\"482abe0\" data-element_type=\"container\">\n\t\t\t\t\t<div class=\"e-con-inner\">\n\t\t<div class=\"elementor-element elementor-element-d33af54 e-con-full e-flex e-con e-child\" data-id=\"d33af54\" data-element_type=\"container\">\n\t\t<div class=\"elementor-element elementor-element-96bf961 e-con-full e-flex e-con e-child\" data-id=\"96bf961\" data-element_type=\"container\">\n\t\t<div class=\"elementor-element elementor-element-58dc1c3 e-con-full e-flex e-con e-child\" data-id=\"58dc1c3\" data-element_type=\"container\">\n\t\t\t\t<div class=\"elementor-element elementor-element-fabca26 aux-appear-watch-animation aux-fade-in-up elementor-widget elementor-widget-aux_modern_heading\" data-id=\"fabca26\" data-element_type=\"widget\" data-widget_type=\"aux_modern_heading.default\">\n\t\t\t\t<div class=\"elementor-widget-container\">\n\t\t\t\t\t<section class=\"aux-widget-modern-heading\">\n            <div class=\"aux-widget-inner\"><h2 class=\"aux-modern-heading-primary\">Na kontaktoni:<\/h2><div class=\"aux-modern-heading-divider\"><\/div><div class=\"aux-modern-heading-description\"><p>Ju ftojm\u00eb t\u00eb jemi n\u00eb kontakt p\u00ebrmes numrit t\u00eb telefonit, Whatsapp, emailit, ose t\u00eb na vizitoni n\u00eb zyr\u00ebn ton\u00eb n\u00eb adres\u00ebn m\u00eb posht\u00eb:<\/p><p><strong>Email: <\/strong><\/p><p>cooperation@t-solutions.al<\/p><p><strong>Tel \/ WhatsApp:\u00a0<\/strong><\/p><p>+355 69 618 7840<\/p><p><strong>Adresa:<\/strong><\/p><p>T-Solutions SHPK. Rruga Myslym Shyri, Pallati nr.31, Ap.5, Kati 1, Tiran\u00eb 1001, Shqip\u00ebri<\/p><\/div><\/div>\n        <\/section>\t\t\t\t<\/div>\n\t\t\t\t<\/div>\n\t\t\t\t<\/div>\n\t\t<div class=\"elementor-element elementor-element-5985ba8 aux-appear-watch-animation aux-fade-in-up e-con-full e-flex e-con e-child\" data-id=\"5985ba8\" data-element_type=\"container\">\n\t\t\t\t<div class=\"elementor-element elementor-element-5e9b2c4 elementor-widget elementor-widget-html\" data-id=\"5e9b2c4\" data-element_type=\"widget\" data-widget_type=\"html.default\">\n\t\t\t\t<div class=\"elementor-widget-container\">\n\t\t\t\t\t<iframe src=\"https:\/\/www.google.com\/maps\/embed?pb=!1m18!1m12!1m3!1d2996.238826414799!2d19.81387977496322!3d41.325419799838286!2m3!1f0!2f0!3f0!3m2!1i1024!2i768!4f13.1!3m3!1m2!1s0x13503104fd2d0a49%3A0x49c9d63afbe0c60a!2sRruga%20Myslym%20Shyri%2031%2C%20Tiran%C3%AB%2C%20Albania!5e0!3m2!1sen!2s!4v1766344937296!5m2!1sen!2s\" width=\"600\" height=\"450\" style=\"border:0;\" allowfullscreen=\"\" loading=\"lazy\" referrerpolicy=\"no-referrer-when-downgrade\"><\/iframe>\t\t\t\t<\/div>\n\t\t\t\t<\/div>\n\t\t\t\t<\/div>\n\t\t\t\t<\/div>\n\t\t\t\t<\/div>\n\t\t\t\t\t<\/div>\n\t\t\t\t<\/div>\n\t\t\t\t<\/div>\n\t\t","protected":false},"excerpt":{"rendered":"<p>Na kontaktoni: Ju ftojm\u00eb t\u00eb jemi n\u00eb kontakt p\u00ebrmes numrit t\u00eb telefonit, Whatsapp, emailit, ose t\u00eb na vizitoni n\u00eb zyr\u00ebn ton\u00eb n\u00eb adres\u00ebn m\u00eb posht\u00eb: Email: cooperation@t-solutions.al Tel \/ WhatsApp:\u00a0 +355 69 618 7840 Adresa: T-Solutions SHPK. Rruga Myslym Shyri, Pallati nr.31, Ap.5, Kati 1, Tiran\u00eb 1001, Shqip\u00ebri<\/p>\n","protected":false},"author":1,"featured_media":0,"parent":0,"menu_order":0,"comment_status":"closed","ping_status":"closed","template":"templates\/page-builder-content.php","meta":{"footnotes":""},"class_list":["post-97","page","type-page","status-publish","hentry"],"yoast_head":"<!-- This site is optimized with the Yoast SEO plugin v26.6 - https:\/\/yoast.com\/wordpress\/plugins\/seo\/ -->\n<title>Kontakt - T-Solutions sh.p.k.<\/title>\n<meta name=\"robots\" content=\"index, follow, max-snippet:-1, max-image-preview:large, max-video-preview:-1\" \/>\n<link rel=\"canonical\" href=\"https:\/\/t-solutions.al\/index.php\/contact\/\" \/>\n<meta property=\"og:locale\" content=\"en_US\" \/>\n<meta property=\"og:type\" content=\"article\" \/>\n<meta property=\"og:title\" content=\"Kontakt - T-Solutions sh.p.k.\" \/>\n<meta property=\"og:description\" content=\"Na kontaktoni: Ju ftojm\u00eb t\u00eb jemi n\u00eb kontakt p\u00ebrmes numrit t\u00eb telefonit, Whatsapp, emailit, ose t\u00eb na vizitoni n\u00eb zyr\u00ebn ton\u00eb n\u00eb adres\u00ebn m\u00eb posht\u00eb: Email: cooperation@t-solutions.al Tel \/ WhatsApp:\u00a0 +355 69 618 7840 Adresa: T-Solutions SHPK. Rruga Myslym Shyri, Pallati nr.31, Ap.5, Kati 1, Tiran\u00eb 1001, Shqip\u00ebri\" \/>\n<meta property=\"og:url\" content=\"https:\/\/t-solutions.al\/index.php\/contact\/\" \/>\n<meta property=\"og:site_name\" content=\"T-Solutions sh.p.k.\" \/>\n<meta property=\"article:modified_time\" content=\"2025-12-22T10:37:43+00:00\" \/>\n<meta name=\"twitter:card\" content=\"summary_large_image\" \/>\n<meta name=\"twitter:label1\" content=\"Est. reading time\" \/>\n\t<meta name=\"twitter:data1\" content=\"1 minute\" \/>\n<script type=\"application\/ld+json\" class=\"yoast-schema-graph\">{\"@context\":\"https:\/\/schema.org\",\"@graph\":[{\"@type\":\"WebPage\",\"@id\":\"https:\/\/t-solutions.al\/index.php\/contact\/\",\"url\":\"https:\/\/t-solutions.al\/index.php\/contact\/\",\"name\":\"Kontakt - T-Solutions sh.p.k.\",\"isPartOf\":{\"@id\":\"https:\/\/t-solutions.al\/#website\"},\"datePublished\":\"2018-12-04T06:00:32+00:00\",\"dateModified\":\"2025-12-22T10:37:43+00:00\",\"breadcrumb\":{\"@id\":\"https:\/\/t-solutions.al\/index.php\/contact\/#breadcrumb\"},\"inLanguage\":\"en-US\",\"potentialAction\":[{\"@type\":\"ReadAction\",\"target\":[\"https:\/\/t-solutions.al\/index.php\/contact\/\"]}]},{\"@type\":\"BreadcrumbList\",\"@id\":\"https:\/\/t-solutions.al\/index.php\/contact\/#breadcrumb\",\"itemListElement\":[{\"@type\":\"ListItem\",\"position\":1,\"name\":\"Home\",\"item\":\"https:\/\/t-solutions.al\/\"},{\"@type\":\"ListItem\",\"position\":2,\"name\":\"Kontakt\"}]},{\"@type\":\"WebSite\",\"@id\":\"https:\/\/t-solutions.al\/#website\",\"url\":\"https:\/\/t-solutions.al\/\",\"name\":\"T-Solutions sh.p.k.\",\"description\":\"\",\"publisher\":{\"@id\":\"https:\/\/t-solutions.al\/#organization\"},\"potentialAction\":[{\"@type\":\"SearchAction\",\"target\":{\"@type\":\"EntryPoint\",\"urlTemplate\":\"https:\/\/t-solutions.al\/?s={search_term_string}\"},\"query-input\":{\"@type\":\"PropertyValueSpecification\",\"valueRequired\":true,\"valueName\":\"search_term_string\"}}],\"inLanguage\":\"en-US\"},{\"@type\":\"Organization\",\"@id\":\"https:\/\/t-solutions.al\/#organization\",\"name\":\"T-Solutions sh.p.k.\",\"url\":\"https:\/\/t-solutions.al\/\",\"logo\":{\"@type\":\"ImageObject\",\"inLanguage\":\"en-US\",\"@id\":\"https:\/\/t-solutions.al\/#\/schema\/logo\/image\/\",\"url\":\"https:\/\/t-solutions.al\/wp-content\/uploads\/2025\/12\/cropped-cropped-Logo-T-solutions-e1766347271894.png\",\"contentUrl\":\"https:\/\/t-solutions.al\/wp-content\/uploads\/2025\/12\/cropped-cropped-Logo-T-solutions-e1766347271894.png\",\"width\":140,\"height\":35,\"caption\":\"T-Solutions sh.p.k.\"},\"image\":{\"@id\":\"https:\/\/t-solutions.al\/#\/schema\/logo\/image\/\"}}]}<\/script>\n<!-- \/ Yoast SEO plugin. -->","yoast_head_json":{"title":"Kontakt - T-Solutions sh.p.k.","robots":{"index":"index","follow":"follow","max-snippet":"max-snippet:-1","max-image-preview":"max-image-preview:large","max-video-preview":"max-video-preview:-1"},"canonical":"https:\/\/t-solutions.al\/index.php\/contact\/","og_locale":"en_US","og_type":"article","og_title":"Kontakt - T-Solutions sh.p.k.","og_description":"Na kontaktoni: Ju ftojm\u00eb t\u00eb jemi n\u00eb kontakt p\u00ebrmes numrit t\u00eb telefonit, Whatsapp, emailit, ose t\u00eb na vizitoni n\u00eb zyr\u00ebn ton\u00eb n\u00eb adres\u00ebn m\u00eb posht\u00eb: Email: cooperation@t-solutions.al Tel \/ WhatsApp:\u00a0 +355 69 618 7840 Adresa: T-Solutions SHPK. Rruga Myslym Shyri, Pallati nr.31, Ap.5, Kati 1, Tiran\u00eb 1001, Shqip\u00ebri","og_url":"https:\/\/t-solutions.al\/index.php\/contact\/","og_site_name":"T-Solutions sh.p.k.","article_modified_time":"2025-12-22T10:37:43+00:00","twitter_card":"summary_large_image","twitter_misc":{"Est. reading time":"1 minute"},"schema":{"@context":"https:\/\/schema.org","@graph":[{"@type":"WebPage","@id":"https:\/\/t-solutions.al\/index.php\/contact\/","url":"https:\/\/t-solutions.al\/index.php\/contact\/","name":"Kontakt - T-Solutions sh.p.k.","isPartOf":{"@id":"https:\/\/t-solutions.al\/#website"},"datePublished":"2018-12-04T06:00:32+00:00","dateModified":"2025-12-22T10:37:43+00:00","breadcrumb":{"@id":"https:\/\/t-solutions.al\/index.php\/contact\/#breadcrumb"},"inLanguage":"en-US","potentialAction":[{"@type":"ReadAction","target":["https:\/\/t-solutions.al\/index.php\/contact\/"]}]},{"@type":"BreadcrumbList","@id":"https:\/\/t-solutions.al\/index.php\/contact\/#breadcrumb","itemListElement":[{"@type":"ListItem","position":1,"name":"Home","item":"https:\/\/t-solutions.al\/"},{"@type":"ListItem","position":2,"name":"Kontakt"}]},{"@type":"WebSite","@id":"https:\/\/t-solutions.al\/#website","url":"https:\/\/t-solutions.al\/","name":"T-Solutions sh.p.k.","description":"","publisher":{"@id":"https:\/\/t-solutions.al\/#organization"},"potentialAction":[{"@type":"SearchAction","target":{"@type":"EntryPoint","urlTemplate":"https:\/\/t-solutions.al\/?s={search_term_string}"},"query-input":{"@type":"PropertyValueSpecification","valueRequired":true,"valueName":"search_term_string"}}],"inLanguage":"en-US"},{"@type":"Organization","@id":"https:\/\/t-solutions.al\/#organization","name":"T-Solutions sh.p.k.","url":"https:\/\/t-solutions.al\/","logo":{"@type":"ImageObject","inLanguage":"en-US","@id":"https:\/\/t-solutions.al\/#\/schema\/logo\/image\/","url":"https:\/\/t-solutions.al\/wp-content\/uploads\/2025\/12\/cropped-cropped-Logo-T-solutions-e1766347271894.png","contentUrl":"https:\/\/t-solutions.al\/wp-content\/uploads\/2025\/12\/cropped-cropped-Logo-T-solutions-e1766347271894.png","width":140,"height":35,"caption":"T-Solutions sh.p.k."},"image":{"@id":"https:\/\/t-solutions.al\/#\/schema\/logo\/image\/"}}]}},"_links":{"self":[{"href":"https:\/\/t-solutions.al\/index.php\/wp-json\/wp\/v2\/pages\/97","targetHints":{"allow":["GET"]}}],"collection":[{"href":"https:\/\/t-solutions.al\/index.php\/wp-json\/wp\/v2\/pages"}],"about":[{"href":"https:\/\/t-solutions.al\/index.php\/wp-json\/wp\/v2\/types\/page"}],"author":[{"embeddable":true,"href":"https:\/\/t-solutions.al\/index.php\/wp-json\/wp\/v2\/users\/1"}],"replies":[{"embeddable":true,"href":"https:\/\/t-solutions.al\/index.php\/wp-json\/wp\/v2\/comments?post=97"}],"version-history":[{"count":22,"href":"https:\/\/t-solutions.al\/index.php\/wp-json\/wp\/v2\/pages\/97\/revisions"}],"predecessor-version":[{"id":450,"href":"https:\/\/t-solutions.al\/index.php\/wp-json\/wp\/v2\/pages\/97\/revisions\/450"}],"wp:attachment":[{"href":"https:\/\/t-solutions.al\/index.php\/wp-json\/wp\/v2\/media?parent=97"}],"curies":[{"name":"wp","href":"https:\/\/api.w.org\/{rel}","templated":true}]}}