{"id":96,"date":"2018-12-04T06:00:49","date_gmt":"2018-12-04T06:00:49","guid":{"rendered":"https:\/\/t-solutions.al\/index.php\/project\/"},"modified":"2025-12-21T19:12:28","modified_gmt":"2025-12-21T19:12:28","slug":"project","status":"publish","type":"page","link":"https:\/\/t-solutions.al\/index.php\/project\/","title":{"rendered":"Projekte"},"content":{"rendered":"\t\t<div data-elementor-type=\"wp-post\" data-elementor-id=\"96\" class=\"elementor elementor-96\">\n\t\t\t\t<div class=\"aux-parallax-section elementor-element elementor-element-6984dde e-flex e-con-boxed e-con e-parent\" data-id=\"6984dde\" data-element_type=\"container\">\n\t\t\t\t\t<div class=\"e-con-inner\">\n\t\t<div class=\"elementor-element elementor-element-6ce909a e-con-full e-flex e-con e-child\" data-id=\"6ce909a\" data-element_type=\"container\">\n\t\t\t\t<div class=\"elementor-element elementor-element-6bdcc73 aux-appear-watch-animation aux-fade-in-up elementor-widget elementor-widget-aux_modern_heading\" data-id=\"6bdcc73\" data-element_type=\"widget\" data-widget_type=\"aux_modern_heading.default\">\n\t\t\t\t<div class=\"elementor-widget-container\">\n\t\t\t\t\t<section class=\"aux-widget-modern-heading\">\n            <div class=\"aux-widget-inner\"><h2 class=\"aux-modern-heading-primary\"><b>Projektet tona<\/b><\/h2><div class=\"aux-modern-heading-divider\"><\/div><div class=\"aux-modern-heading-description\"><p>S\u00eb shpejti n\u00eb k\u00ebt\u00eb faqe do t\u00eb vendosim projektet tona t\u00eb realizuara p\u00ebr klient\u00ebt dhe n\u00eb bashk\u00ebpunim me\u00a0 partner\u00ebt tan\u00eb.<\/p><\/div><\/div>\n        <\/section>\t\t\t\t<\/div>\n\t\t\t\t<\/div>\n\t\t\t\t<\/div>\n\t\t\t\t\t<\/div>\n\t\t\t\t<\/div>\n\t\t\t\t<\/div>\n\t\t","protected":false},"excerpt":{"rendered":"<p>Projektet tona S\u00eb shpejti n\u00eb k\u00ebt\u00eb faqe do t\u00eb vendosim projektet tona t\u00eb realizuara p\u00ebr klient\u00ebt dhe n\u00eb bashk\u00ebpunim me\u00a0 partner\u00ebt tan\u00eb.<\/p>\n","protected":false},"author":1,"featured_media":0,"parent":0,"menu_order":0,"comment_status":"closed","ping_status":"closed","template":"templates\/page-builder-content.php","meta":{"footnotes":""},"class_list":["post-96","page","type-page","status-publish","hentry"],"yoast_head":"<!-- This site is optimized with the Yoast SEO plugin v26.6 - https:\/\/yoast.com\/wordpress\/plugins\/seo\/ -->\n<title>Projekte - T-Solutions sh.p.k.<\/title>\n<meta name=\"robots\" content=\"index, follow, max-snippet:-1, max-image-preview:large, max-video-preview:-1\" \/>\n<link rel=\"canonical\" href=\"https:\/\/t-solutions.al\/index.php\/project\/\" \/>\n<meta property=\"og:locale\" content=\"en_US\" \/>\n<meta property=\"og:type\" content=\"article\" \/>\n<meta property=\"og:title\" content=\"Projekte - T-Solutions sh.p.k.\" \/>\n<meta property=\"og:description\" content=\"Projektet tona S\u00eb shpejti n\u00eb k\u00ebt\u00eb faqe do t\u00eb vendosim projektet tona t\u00eb realizuara p\u00ebr klient\u00ebt dhe n\u00eb bashk\u00ebpunim me\u00a0 partner\u00ebt tan\u00eb.\" \/>\n<meta property=\"og:url\" content=\"https:\/\/t-solutions.al\/index.php\/project\/\" \/>\n<meta property=\"og:site_name\" content=\"T-Solutions sh.p.k.\" \/>\n<meta property=\"article:modified_time\" content=\"2025-12-21T19:12:28+00:00\" \/>\n<meta name=\"twitter:card\" content=\"summary_large_image\" \/>\n<meta name=\"twitter:label1\" content=\"Est. reading time\" \/>\n\t<meta name=\"twitter:data1\" content=\"1 minute\" \/>\n<script type=\"application\/ld+json\" class=\"yoast-schema-graph\">{\"@context\":\"https:\/\/schema.org\",\"@graph\":[{\"@type\":\"WebPage\",\"@id\":\"https:\/\/t-solutions.al\/index.php\/project\/\",\"url\":\"https:\/\/t-solutions.al\/index.php\/project\/\",\"name\":\"Projekte - T-Solutions sh.p.k.\",\"isPartOf\":{\"@id\":\"https:\/\/t-solutions.al\/#website\"},\"datePublished\":\"2018-12-04T06:00:49+00:00\",\"dateModified\":\"2025-12-21T19:12:28+00:00\",\"breadcrumb\":{\"@id\":\"https:\/\/t-solutions.al\/index.php\/project\/#breadcrumb\"},\"inLanguage\":\"en-US\",\"potentialAction\":[{\"@type\":\"ReadAction\",\"target\":[\"https:\/\/t-solutions.al\/index.php\/project\/\"]}]},{\"@type\":\"BreadcrumbList\",\"@id\":\"https:\/\/t-solutions.al\/index.php\/project\/#breadcrumb\",\"itemListElement\":[{\"@type\":\"ListItem\",\"position\":1,\"name\":\"Home\",\"item\":\"https:\/\/t-solutions.al\/\"},{\"@type\":\"ListItem\",\"position\":2,\"name\":\"Projekte\"}]},{\"@type\":\"WebSite\",\"@id\":\"https:\/\/t-solutions.al\/#website\",\"url\":\"https:\/\/t-solutions.al\/\",\"name\":\"T-Solutions sh.p.k.\",\"description\":\"\",\"publisher\":{\"@id\":\"https:\/\/t-solutions.al\/#organization\"},\"potentialAction\":[{\"@type\":\"SearchAction\",\"target\":{\"@type\":\"EntryPoint\",\"urlTemplate\":\"https:\/\/t-solutions.al\/?s={search_term_string}\"},\"query-input\":{\"@type\":\"PropertyValueSpecification\",\"valueRequired\":true,\"valueName\":\"search_term_string\"}}],\"inLanguage\":\"en-US\"},{\"@type\":\"Organization\",\"@id\":\"https:\/\/t-solutions.al\/#organization\",\"name\":\"T-Solutions sh.p.k.\",\"url\":\"https:\/\/t-solutions.al\/\",\"logo\":{\"@type\":\"ImageObject\",\"inLanguage\":\"en-US\",\"@id\":\"https:\/\/t-solutions.al\/#\/schema\/logo\/image\/\",\"url\":\"https:\/\/t-solutions.al\/wp-content\/uploads\/2025\/12\/cropped-cropped-Logo-T-solutions-e1766347271894.png\",\"contentUrl\":\"https:\/\/t-solutions.al\/wp-content\/uploads\/2025\/12\/cropped-cropped-Logo-T-solutions-e1766347271894.png\",\"width\":140,\"height\":35,\"caption\":\"T-Solutions sh.p.k.\"},\"image\":{\"@id\":\"https:\/\/t-solutions.al\/#\/schema\/logo\/image\/\"}}]}<\/script>\n<!-- \/ Yoast SEO plugin. -->","yoast_head_json":{"title":"Projekte - T-Solutions sh.p.k.","robots":{"index":"index","follow":"follow","max-snippet":"max-snippet:-1","max-image-preview":"max-image-preview:large","max-video-preview":"max-video-preview:-1"},"canonical":"https:\/\/t-solutions.al\/index.php\/project\/","og_locale":"en_US","og_type":"article","og_title":"Projekte - T-Solutions sh.p.k.","og_description":"Projektet tona S\u00eb shpejti n\u00eb k\u00ebt\u00eb faqe do t\u00eb vendosim projektet tona t\u00eb realizuara p\u00ebr klient\u00ebt dhe n\u00eb bashk\u00ebpunim me\u00a0 partner\u00ebt tan\u00eb.","og_url":"https:\/\/t-solutions.al\/index.php\/project\/","og_site_name":"T-Solutions sh.p.k.","article_modified_time":"2025-12-21T19:12:28+00:00","twitter_card":"summary_large_image","twitter_misc":{"Est. reading time":"1 minute"},"schema":{"@context":"https:\/\/schema.org","@graph":[{"@type":"WebPage","@id":"https:\/\/t-solutions.al\/index.php\/project\/","url":"https:\/\/t-solutions.al\/index.php\/project\/","name":"Projekte - T-Solutions sh.p.k.","isPartOf":{"@id":"https:\/\/t-solutions.al\/#website"},"datePublished":"2018-12-04T06:00:49+00:00","dateModified":"2025-12-21T19:12:28+00:00","breadcrumb":{"@id":"https:\/\/t-solutions.al\/index.php\/project\/#breadcrumb"},"inLanguage":"en-US","potentialAction":[{"@type":"ReadAction","target":["https:\/\/t-solutions.al\/index.php\/project\/"]}]},{"@type":"BreadcrumbList","@id":"https:\/\/t-solutions.al\/index.php\/project\/#breadcrumb","itemListElement":[{"@type":"ListItem","position":1,"name":"Home","item":"https:\/\/t-solutions.al\/"},{"@type":"ListItem","position":2,"name":"Projekte"}]},{"@type":"WebSite","@id":"https:\/\/t-solutions.al\/#website","url":"https:\/\/t-solutions.al\/","name":"T-Solutions sh.p.k.","description":"","publisher":{"@id":"https:\/\/t-solutions.al\/#organization"},"potentialAction":[{"@type":"SearchAction","target":{"@type":"EntryPoint","urlTemplate":"https:\/\/t-solutions.al\/?s={search_term_string}"},"query-input":{"@type":"PropertyValueSpecification","valueRequired":true,"valueName":"search_term_string"}}],"inLanguage":"en-US"},{"@type":"Organization","@id":"https:\/\/t-solutions.al\/#organization","name":"T-Solutions sh.p.k.","url":"https:\/\/t-solutions.al\/","logo":{"@type":"ImageObject","inLanguage":"en-US","@id":"https:\/\/t-solutions.al\/#\/schema\/logo\/image\/","url":"https:\/\/t-solutions.al\/wp-content\/uploads\/2025\/12\/cropped-cropped-Logo-T-solutions-e1766347271894.png","contentUrl":"https:\/\/t-solutions.al\/wp-content\/uploads\/2025\/12\/cropped-cropped-Logo-T-solutions-e1766347271894.png","width":140,"height":35,"caption":"T-Solutions sh.p.k."},"image":{"@id":"https:\/\/t-solutions.al\/#\/schema\/logo\/image\/"}}]}},"_links":{"self":[{"href":"https:\/\/t-solutions.al\/index.php\/wp-json\/wp\/v2\/pages\/96","targetHints":{"allow":["GET"]}}],"collection":[{"href":"https:\/\/t-solutions.al\/index.php\/wp-json\/wp\/v2\/pages"}],"about":[{"href":"https:\/\/t-solutions.al\/index.php\/wp-json\/wp\/v2\/types\/page"}],"author":[{"embeddable":true,"href":"https:\/\/t-solutions.al\/index.php\/wp-json\/wp\/v2\/users\/1"}],"replies":[{"embeddable":true,"href":"https:\/\/t-solutions.al\/index.php\/wp-json\/wp\/v2\/comments?post=96"}],"version-history":[{"count":4,"href":"https:\/\/t-solutions.al\/index.php\/wp-json\/wp\/v2\/pages\/96\/revisions"}],"predecessor-version":[{"id":169,"href":"https:\/\/t-solutions.al\/index.php\/wp-json\/wp\/v2\/pages\/96\/revisions\/169"}],"wp:attachment":[{"href":"https:\/\/t-solutions.al\/index.php\/wp-json\/wp\/v2\/media?parent=96"}],"curies":[{"name":"wp","href":"https:\/\/api.w.org\/{rel}","templated":true}]}}